{"id":2470,"date":"2022-12-28T20:18:36","date_gmt":"2022-12-28T20:18:36","guid":{"rendered":"https:\/\/granreproductor.cl\/?post_type=product&#038;p=2470"},"modified":"2022-12-28T20:41:12","modified_gmt":"2022-12-28T20:41:12","slug":"lucifer","status":"publish","type":"product","link":"https:\/\/granreproductor.cl\/index.php\/producto\/lucifer\/","title":{"rendered":"Lucifer"},"content":{"rendered":"<p><img decoding=\"async\" class=\"alignnone size-full wp-image-2429\" src=\"https:\/\/granreproductor.cl\/wp-content\/uploads\/2022\/12\/galeria_3.jpg\" alt=\"\" width=\"271\" height=\"157\" \/><\/p>\n<p><i>En este Misterioso Vino \u201cBlend\u201d, en su elaboraci\u00f3n se intervino m\u00e1s de una variedad, tanto\u00a0 por la cantidad y variedades, logrando para este caso un mosto que conjuga equilibradamente en su base un Cabernet que le otorga la rudeza, el Merlot lo frutoso y\u00a0 un toque de SYRAH que aporta la elegancia. Adem\u00e1s,\u00a0 se puede\u00a0 encontrar toques de\u00a0 frutas negras, tales como la mora y ciruela, mezclados con una riqueza arom\u00e1tica y gustativa entre notas vegetales, de cassis, bayas rojas, pimiento verde, destacando el aporte del cabernet de fuerza y cuerpo potenciando los frutos secos o berries que trae consigo esta gran cepa.<\/i><\/p>\n<p>Lucifer es el nombre que representa al Diablo o Mandinga, en lagunas regiones de Chile, al parecer como un ser humano normal, con la intenci\u00f3n de mostrar una apariencia m\u00e1s amigable. De esta manera, seg\u00fan el mito, podr\u00eda lograr tentar m\u00e1s f\u00e1cilmente a las personas; al interactuar con ellas, como si fuera una persona normal.<\/p>\n","protected":false},"excerpt":{"rendered":"<p>En este Misterioso Vino \u201cBlend\u201d, en su elaboraci\u00f3n se intervino m\u00e1s de una variedad, tanto\u00a0 por la cantidad y variedades, logrando para este caso un mosto que conjuga equilibradamente en su base un Cabernet que le otorga la rudeza, el Merlot lo frutoso y\u00a0 un toque de SYRAH que aporta la elegancia. Adem\u00e1s,\u00a0 se puede\u00a0 [&hellip;]<\/p>\n","protected":false},"featured_media":2476,"comment_status":"closed","ping_status":"closed","template":"","meta":[],"product_brand":[],"product_cat":[74,67,70],"product_tag":[],"class_list":{"0":"post-2470","1":"product","2":"type-product","3":"status-publish","4":"has-post-thumbnail","6":"product_cat-blend-assamblaje","7":"product_cat-cabernet-sauvignon","8":"product_cat-merlot","10":"first","11":"instock","12":"shipping-taxable","13":"product-type-simple"},"_links":{"self":[{"href":"https:\/\/granreproductor.cl\/index.php\/wp-json\/wp\/v2\/product\/2470","targetHints":{"allow":["GET"]}}],"collection":[{"href":"https:\/\/granreproductor.cl\/index.php\/wp-json\/wp\/v2\/product"}],"about":[{"href":"https:\/\/granreproductor.cl\/index.php\/wp-json\/wp\/v2\/types\/product"}],"replies":[{"embeddable":true,"href":"https:\/\/granreproductor.cl\/index.php\/wp-json\/wp\/v2\/comments?post=2470"}],"version-history":[{"count":3,"href":"https:\/\/granreproductor.cl\/index.php\/wp-json\/wp\/v2\/product\/2470\/revisions"}],"predecessor-version":[{"id":2478,"href":"https:\/\/granreproductor.cl\/index.php\/wp-json\/wp\/v2\/product\/2470\/revisions\/2478"}],"wp:featuredmedia":[{"embeddable":true,"href":"https:\/\/granreproductor.cl\/index.php\/wp-json\/wp\/v2\/media\/2476"}],"wp:attachment":[{"href":"https:\/\/granreproductor.cl\/index.php\/wp-json\/wp\/v2\/media?parent=2470"}],"wp:term":[{"taxonomy":"product_brand","embeddable":true,"href":"https:\/\/granreproductor.cl\/index.php\/wp-json\/wp\/v2\/product_brand?post=2470"},{"taxonomy":"product_cat","embeddable":true,"href":"https:\/\/granreproductor.cl\/index.php\/wp-json\/wp\/v2\/product_cat?post=2470"},{"taxonomy":"product_tag","embeddable":true,"href":"https:\/\/granreproductor.cl\/index.php\/wp-json\/wp\/v2\/product_tag?post=2470"}],"curies":[{"name":"wp","href":"https:\/\/api.w.org\/{rel}","templated":true}]}}