{"id":2364,"date":"2022-11-22T20:24:32","date_gmt":"2022-11-22T20:24:32","guid":{"rendered":"https:\/\/granreproductor.cl\/?post_type=product&#038;p=2364"},"modified":"2022-11-22T20:24:32","modified_gmt":"2022-11-22T20:24:32","slug":"late-harvest-6-unidades","status":"publish","type":"product","link":"https:\/\/granreproductor.cl\/index.php\/producto\/late-harvest-6-unidades\/","title":{"rendered":"Late Harvest 6 unidades"},"content":{"rendered":"<ul>\n<li><i>Caja 6 Unidades<\/i><\/li>\n<li>D.O. Rengo, VI Regi\u00f3n de Chile<\/li>\n<li>Variedad Sauvignon Blanc, Moscatel de Alejandr\u00eda<\/li>\n<li>Alcohol 11,50<\/li>\n<li>pH 3,17<\/li>\n<li>Acidez total (H2SO4) 7,62<\/li>\n<li>Acidez Vol\u00e1til (C2H4O2) 0,79<\/li>\n<\/ul>\n<p>&nbsp;<\/p>\n","protected":false},"excerpt":{"rendered":"<p>Caja 6 Unidades D.O. Rengo, VI Regi\u00f3n de Chile Variedad Sauvignon Blanc, Moscatel de Alejandr\u00eda Alcohol 11,50 pH 3,17 Acidez total (H2SO4) 7,62 Acidez Vol\u00e1til (C2H4O2) 0,79 &nbsp;<\/p>\n","protected":false},"featured_media":2365,"comment_status":"closed","ping_status":"closed","template":"","meta":[],"product_brand":[],"product_cat":[81,76],"product_tag":[],"class_list":{"0":"post-2364","1":"product","2":"type-product","3":"status-publish","4":"has-post-thumbnail","6":"product_cat-late-harvest","7":"product_cat-packs","9":"first","10":"instock","11":"shipping-taxable","12":"purchasable","13":"product-type-simple"},"_links":{"self":[{"href":"https:\/\/granreproductor.cl\/index.php\/wp-json\/wp\/v2\/product\/2364","targetHints":{"allow":["GET"]}}],"collection":[{"href":"https:\/\/granreproductor.cl\/index.php\/wp-json\/wp\/v2\/product"}],"about":[{"href":"https:\/\/granreproductor.cl\/index.php\/wp-json\/wp\/v2\/types\/product"}],"replies":[{"embeddable":true,"href":"https:\/\/granreproductor.cl\/index.php\/wp-json\/wp\/v2\/comments?post=2364"}],"version-history":[{"count":1,"href":"https:\/\/granreproductor.cl\/index.php\/wp-json\/wp\/v2\/product\/2364\/revisions"}],"predecessor-version":[{"id":2366,"href":"https:\/\/granreproductor.cl\/index.php\/wp-json\/wp\/v2\/product\/2364\/revisions\/2366"}],"wp:featuredmedia":[{"embeddable":true,"href":"https:\/\/granreproductor.cl\/index.php\/wp-json\/wp\/v2\/media\/2365"}],"wp:attachment":[{"href":"https:\/\/granreproductor.cl\/index.php\/wp-json\/wp\/v2\/media?parent=2364"}],"wp:term":[{"taxonomy":"product_brand","embeddable":true,"href":"https:\/\/granreproductor.cl\/index.php\/wp-json\/wp\/v2\/product_brand?post=2364"},{"taxonomy":"product_cat","embeddable":true,"href":"https:\/\/granreproductor.cl\/index.php\/wp-json\/wp\/v2\/product_cat?post=2364"},{"taxonomy":"product_tag","embeddable":true,"href":"https:\/\/granreproductor.cl\/index.php\/wp-json\/wp\/v2\/product_tag?post=2364"}],"curies":[{"name":"wp","href":"https:\/\/api.w.org\/{rel}","templated":true}]}}