{"id":2264,"date":"2022-11-04T18:27:38","date_gmt":"2022-11-04T18:27:38","guid":{"rendered":"https:\/\/granreproductor.cl\/?post_type=product&#038;p=2264"},"modified":"2022-11-04T20:19:08","modified_gmt":"2022-11-04T20:19:08","slug":"carmenere-6-unidades","status":"publish","type":"product","link":"https:\/\/granreproductor.cl\/index.php\/producto\/carmenere-6-unidades\/","title":{"rendered":"Carmenere 6 unidades"},"content":{"rendered":"<ul>\n<li>Caja 6 Unidades<\/li>\n<li>D.O. Cauquenes Maule, VII Regi\u00f3n de Chile<\/li>\n<li>AN\u00c1LISIS B\u00c1SICO<\/li>\n<li>Variedad Carmenere<\/li>\n<li>Alcohol 14,80<\/li>\n<li>pH 3,05<\/li>\n<li>Acidez total (H2SO4) 3,15<\/li>\n<li>Acidez Vol\u00e1til (C2H4O2) 0,59<\/li>\n<\/ul>\n","protected":false},"excerpt":{"rendered":"<p>Caja 6 Unidades D.O. Cauquenes Maule, VII Regi\u00f3n de Chile AN\u00c1LISIS B\u00c1SICO Variedad Carmenere Alcohol 14,80 pH 3,05 Acidez total (H2SO4) 3,15 Acidez Vol\u00e1til (C2H4O2) 0,59<\/p>\n","protected":false},"featured_media":2313,"comment_status":"closed","ping_status":"closed","template":"","meta":[],"product_brand":[],"product_cat":[79],"product_tag":[],"class_list":{"0":"post-2264","1":"product","2":"type-product","3":"status-publish","4":"has-post-thumbnail","6":"product_cat-carmenere-packs","8":"first","9":"instock","10":"shipping-taxable","11":"purchasable","12":"product-type-simple"},"_links":{"self":[{"href":"https:\/\/granreproductor.cl\/index.php\/wp-json\/wp\/v2\/product\/2264","targetHints":{"allow":["GET"]}}],"collection":[{"href":"https:\/\/granreproductor.cl\/index.php\/wp-json\/wp\/v2\/product"}],"about":[{"href":"https:\/\/granreproductor.cl\/index.php\/wp-json\/wp\/v2\/types\/product"}],"replies":[{"embeddable":true,"href":"https:\/\/granreproductor.cl\/index.php\/wp-json\/wp\/v2\/comments?post=2264"}],"version-history":[{"count":1,"href":"https:\/\/granreproductor.cl\/index.php\/wp-json\/wp\/v2\/product\/2264\/revisions"}],"predecessor-version":[{"id":2265,"href":"https:\/\/granreproductor.cl\/index.php\/wp-json\/wp\/v2\/product\/2264\/revisions\/2265"}],"wp:featuredmedia":[{"embeddable":true,"href":"https:\/\/granreproductor.cl\/index.php\/wp-json\/wp\/v2\/media\/2313"}],"wp:attachment":[{"href":"https:\/\/granreproductor.cl\/index.php\/wp-json\/wp\/v2\/media?parent=2264"}],"wp:term":[{"taxonomy":"product_brand","embeddable":true,"href":"https:\/\/granreproductor.cl\/index.php\/wp-json\/wp\/v2\/product_brand?post=2264"},{"taxonomy":"product_cat","embeddable":true,"href":"https:\/\/granreproductor.cl\/index.php\/wp-json\/wp\/v2\/product_cat?post=2264"},{"taxonomy":"product_tag","embeddable":true,"href":"https:\/\/granreproductor.cl\/index.php\/wp-json\/wp\/v2\/product_tag?post=2264"}],"curies":[{"name":"wp","href":"https:\/\/api.w.org\/{rel}","templated":true}]}}