{"id":1839,"date":"2022-09-06T21:32:47","date_gmt":"2022-09-06T21:32:47","guid":{"rendered":"https:\/\/granreproductor.cl\/?post_type=product&#038;p=1839"},"modified":"2022-11-04T20:41:52","modified_gmt":"2022-11-04T20:41:52","slug":"dona-maruja-amazonas-de-chile","status":"publish","type":"product","link":"https:\/\/granreproductor.cl\/index.php\/producto\/dona-maruja-amazonas-de-chile\/","title":{"rendered":"Do\u00f1a Maruja Amazonas de Chile"},"content":{"rendered":"<p><em>Vino de alta fineza con toques de miel, Frutas maduras, papaya o membrillo se pueden apreciar levemente. Destaca por su color amarillo dorado con toques \u00e1mbar muy frutoso al paladar y\u00a0 que evoluciona muy bien con los a\u00f1os.<\/em><\/p>\n<p>El nombre\u00a0<strong>\u201camazona\u201d<\/strong>\u00a0nos evoca la mitolog\u00eda griega: mujeres guerreras, tambi\u00e9n se usa para definir a la mujer que monta a caballo, una tradici\u00f3n colonial que actualmente tiene plena vigencia, su cabalgadura es de lado, con vestimenta Huasa de rop\u00f3n. Do\u00f1a Maruja Hacendada y oriunda de del valle de Colchagua, fue una mujer muy acampada en la vida independentista de Chile, muy cerca a Do\u00f1a Javiera Carrera, siempre mont\u00f3 de lado y rop\u00f3n\u00a0 negro, fue una hermosa mujer de car\u00e1cter firme y muy fina.<\/p>\n","protected":false},"excerpt":{"rendered":"<p>Gran Reserva<\/p>\n","protected":false},"featured_media":1988,"comment_status":"closed","ping_status":"closed","template":"","meta":[],"product_brand":[],"product_cat":[73],"product_tag":[],"class_list":{"0":"post-1839","1":"product","2":"type-product","3":"status-publish","4":"has-post-thumbnail","6":"product_cat-late-harvest-vinos","8":"first","9":"instock","10":"shipping-taxable","11":"product-type-simple"},"_links":{"self":[{"href":"https:\/\/granreproductor.cl\/index.php\/wp-json\/wp\/v2\/product\/1839","targetHints":{"allow":["GET"]}}],"collection":[{"href":"https:\/\/granreproductor.cl\/index.php\/wp-json\/wp\/v2\/product"}],"about":[{"href":"https:\/\/granreproductor.cl\/index.php\/wp-json\/wp\/v2\/types\/product"}],"replies":[{"embeddable":true,"href":"https:\/\/granreproductor.cl\/index.php\/wp-json\/wp\/v2\/comments?post=1839"}],"version-history":[{"count":3,"href":"https:\/\/granreproductor.cl\/index.php\/wp-json\/wp\/v2\/product\/1839\/revisions"}],"predecessor-version":[{"id":2072,"href":"https:\/\/granreproductor.cl\/index.php\/wp-json\/wp\/v2\/product\/1839\/revisions\/2072"}],"wp:featuredmedia":[{"embeddable":true,"href":"https:\/\/granreproductor.cl\/index.php\/wp-json\/wp\/v2\/media\/1988"}],"wp:attachment":[{"href":"https:\/\/granreproductor.cl\/index.php\/wp-json\/wp\/v2\/media?parent=1839"}],"wp:term":[{"taxonomy":"product_brand","embeddable":true,"href":"https:\/\/granreproductor.cl\/index.php\/wp-json\/wp\/v2\/product_brand?post=1839"},{"taxonomy":"product_cat","embeddable":true,"href":"https:\/\/granreproductor.cl\/index.php\/wp-json\/wp\/v2\/product_cat?post=1839"},{"taxonomy":"product_tag","embeddable":true,"href":"https:\/\/granreproductor.cl\/index.php\/wp-json\/wp\/v2\/product_tag?post=1839"}],"curies":[{"name":"wp","href":"https:\/\/api.w.org\/{rel}","templated":true}]}}