{"id":1831,"date":"2022-09-06T21:19:16","date_gmt":"2022-09-06T21:19:16","guid":{"rendered":"https:\/\/granreproductor.cl\/?post_type=product&#038;p=1831"},"modified":"2022-12-30T15:52:42","modified_gmt":"2022-12-30T15:52:42","slug":"torhuela","status":"publish","type":"product","link":"https:\/\/granreproductor.cl\/index.php\/producto\/torhuela\/","title":{"rendered":"Torhuela"},"content":{"rendered":"<p><em>Este mosto, tiene un estilo dulce con abundante\u00a0 fruta y un toque de tabaco, tierra h\u00fameda y chocolate negro y adem\u00e1s con sutiles toques de pimienta y tequila. Este Producto se enmarca en un gran proyecto Cultural, que viene a mostrar nuestra identidad Chilena y la Crianza del Caballo Chileno.<\/em><\/p>\n<p>TORHUELA\u00a0 SNA N\u00b0 7301 nacida en agosto de 1937\u00a0de\u00a0 propiedad de Alberto Araya,\u00a0 hija del potro Pihuelo en madre Tortolita,\u00a0 de color bayo, alzada\u00a01.38, muy mansa, de lomo firme, buen andar sin resabios,\u00a0 nunca se arregl\u00f3 pero fue extraordinaria\u00a0 por sus caracter\u00edsticas propias\u00a0y naturales, destac\u00f3 por si longevidad, muri\u00f3 a los 24 a\u00f1os, dejando descendencia incluso internacional, destacan los potros Achicado, Espinal, Nochero y la hembra Pepilla, entre otros.<\/p>\n","protected":false},"excerpt":{"rendered":"<p>Gran Reserva<\/p>\n","protected":false},"featured_media":1991,"comment_status":"closed","ping_status":"closed","template":"","meta":[],"product_brand":[],"product_cat":[68],"product_tag":[],"class_list":{"0":"post-1831","1":"product","2":"type-product","3":"status-publish","4":"has-post-thumbnail","6":"product_cat-carmenere","8":"first","9":"instock","10":"shipping-taxable","11":"product-type-simple"},"_links":{"self":[{"href":"https:\/\/granreproductor.cl\/index.php\/wp-json\/wp\/v2\/product\/1831","targetHints":{"allow":["GET"]}}],"collection":[{"href":"https:\/\/granreproductor.cl\/index.php\/wp-json\/wp\/v2\/product"}],"about":[{"href":"https:\/\/granreproductor.cl\/index.php\/wp-json\/wp\/v2\/types\/product"}],"replies":[{"embeddable":true,"href":"https:\/\/granreproductor.cl\/index.php\/wp-json\/wp\/v2\/comments?post=1831"}],"version-history":[{"count":4,"href":"https:\/\/granreproductor.cl\/index.php\/wp-json\/wp\/v2\/product\/1831\/revisions"}],"predecessor-version":[{"id":2520,"href":"https:\/\/granreproductor.cl\/index.php\/wp-json\/wp\/v2\/product\/1831\/revisions\/2520"}],"wp:featuredmedia":[{"embeddable":true,"href":"https:\/\/granreproductor.cl\/index.php\/wp-json\/wp\/v2\/media\/1991"}],"wp:attachment":[{"href":"https:\/\/granreproductor.cl\/index.php\/wp-json\/wp\/v2\/media?parent=1831"}],"wp:term":[{"taxonomy":"product_brand","embeddable":true,"href":"https:\/\/granreproductor.cl\/index.php\/wp-json\/wp\/v2\/product_brand?post=1831"},{"taxonomy":"product_cat","embeddable":true,"href":"https:\/\/granreproductor.cl\/index.php\/wp-json\/wp\/v2\/product_cat?post=1831"},{"taxonomy":"product_tag","embeddable":true,"href":"https:\/\/granreproductor.cl\/index.php\/wp-json\/wp\/v2\/product_tag?post=1831"}],"curies":[{"name":"wp","href":"https:\/\/api.w.org\/{rel}","templated":true}]}}