{"id":1775,"date":"2022-09-03T00:03:33","date_gmt":"2022-09-03T00:03:33","guid":{"rendered":"https:\/\/granreproductor.cl\/?post_type=product&#038;p=1775"},"modified":"2022-12-30T15:53:10","modified_gmt":"2022-12-30T15:53:10","slug":"mezcla","status":"publish","type":"product","link":"https:\/\/granreproductor.cl\/index.php\/producto\/mezcla\/","title":{"rendered":"Mezcla"},"content":{"rendered":"<p><em>Este mosto, tiene un estilo dulce con abundante\u00a0 fruta y un toque de tabaco, tierra h\u00fameda y chocolate negro y adem\u00e1s con sutiles toques de pimienta y tequila. Este Producto se enmarca en un gran proyecto Cultural, que viene a mostrar nuestra identidad Chilena y la Crianza del Caballo Chileno.<\/em><\/p>\n<p><em>MEZCLA\u00a0 NSA N\u00b0 392 nacida en 1894, hija del potro Bot\u00edn Naranjo en madre Chilena, su pelaje fue tordillo (blanco piel negra)\u00a0 de alzada 1.41. \u00c9sta emblem\u00e1tica\u00a0hembra seg\u00fan\u00a0los entendidos y el mism\u00edsimo Don Miguel Letelier\u00a0 fue el \u00fanico ejemplar que salv\u00f3 a la antigua raza aculeguana. Actualmente es considerada\u00a0base en la crianza de caballos chilenos, de la mano del\u00a0 reproductor\u00a0 Guante dio a Cristal, con Africano entreg\u00f3 a Bureo y con Alfil al gran potro Angamos II , toda una dinast\u00eda de ejemplares que hasta nuestros d\u00edas\u00a0son el m\u00e1s fiel reflejo de nuestros estirpe caballar.\u00a0<\/em><\/p>\n","protected":false},"excerpt":{"rendered":"<p>Este mosto, tiene un estilo dulce con abundante\u00a0 fruta y un toque de tabaco, tierra h\u00fameda y chocolate negro y adem\u00e1s con sutiles toques de pimienta y tequila. Este Producto se enmarca en un gran proyecto Cultural, que viene a mostrar nuestra identidad Chilena y la Crianza del Caballo Chileno. MEZCLA\u00a0 NSA N\u00b0 392 nacida [&hellip;]<\/p>\n","protected":false},"featured_media":1993,"comment_status":"closed","ping_status":"closed","template":"","meta":[],"product_brand":[],"product_cat":[68],"product_tag":[],"class_list":{"0":"post-1775","1":"product","2":"type-product","3":"status-publish","4":"has-post-thumbnail","6":"product_cat-carmenere","8":"first","9":"instock","10":"shipping-taxable","11":"product-type-simple"},"_links":{"self":[{"href":"https:\/\/granreproductor.cl\/index.php\/wp-json\/wp\/v2\/product\/1775","targetHints":{"allow":["GET"]}}],"collection":[{"href":"https:\/\/granreproductor.cl\/index.php\/wp-json\/wp\/v2\/product"}],"about":[{"href":"https:\/\/granreproductor.cl\/index.php\/wp-json\/wp\/v2\/types\/product"}],"replies":[{"embeddable":true,"href":"https:\/\/granreproductor.cl\/index.php\/wp-json\/wp\/v2\/comments?post=1775"}],"version-history":[{"count":6,"href":"https:\/\/granreproductor.cl\/index.php\/wp-json\/wp\/v2\/product\/1775\/revisions"}],"predecessor-version":[{"id":2521,"href":"https:\/\/granreproductor.cl\/index.php\/wp-json\/wp\/v2\/product\/1775\/revisions\/2521"}],"wp:featuredmedia":[{"embeddable":true,"href":"https:\/\/granreproductor.cl\/index.php\/wp-json\/wp\/v2\/media\/1993"}],"wp:attachment":[{"href":"https:\/\/granreproductor.cl\/index.php\/wp-json\/wp\/v2\/media?parent=1775"}],"wp:term":[{"taxonomy":"product_brand","embeddable":true,"href":"https:\/\/granreproductor.cl\/index.php\/wp-json\/wp\/v2\/product_brand?post=1775"},{"taxonomy":"product_cat","embeddable":true,"href":"https:\/\/granreproductor.cl\/index.php\/wp-json\/wp\/v2\/product_cat?post=1775"},{"taxonomy":"product_tag","embeddable":true,"href":"https:\/\/granreproductor.cl\/index.php\/wp-json\/wp\/v2\/product_tag?post=1775"}],"curies":[{"name":"wp","href":"https:\/\/api.w.org\/{rel}","templated":true}]}}