{"id":1773,"date":"2022-09-02T23:49:02","date_gmt":"2022-09-02T23:49:02","guid":{"rendered":"https:\/\/granreproductor.cl\/?post_type=product&#038;p=1773"},"modified":"2022-12-30T15:53:52","modified_gmt":"2022-12-30T15:53:52","slug":"noria","status":"publish","type":"product","link":"https:\/\/granreproductor.cl\/index.php\/producto\/noria\/","title":{"rendered":"Noria"},"content":{"rendered":"<p><em>Este mosto, tiene un estilo dulce con abundante\u00a0 fruta y un toque de tabaco, tierra h\u00fameda y chocolate negro y adem\u00e1s con sutiles toques de pimienta y tequila. Este Producto se enmarca en un gran proyecto Cultural, que viene a mostrar nuestra identidad Chilena y la Crianza del Caballo Chileno.<\/em><\/p>\n<p>Noria SNA N\u00ba 4956 nacia en Noviembre de 1931, hija del potro Curanto en madre Hojarasca, criada en la Hacienda Aculeo. Seg\u00fan Don Miguel Letelier, fue una de sus regalonas y a sus ojos la hembra mas linda de esos a\u00f1os. Considerada una extraordinaria madre, entregando 10 cr\u00edas entre ellos Zanj\u00f3n y Veguero, por su sangre, arreglo y condiciones vaqueras innatas es considerada un emblema dentro de la raza caballar chilena.<\/p>\n","protected":false},"excerpt":{"rendered":"<p>Gran Reserva<\/p>\n","protected":false},"featured_media":1994,"comment_status":"closed","ping_status":"closed","template":"","meta":[],"product_brand":[],"product_cat":[68],"product_tag":[],"class_list":{"0":"post-1773","1":"product","2":"type-product","3":"status-publish","4":"has-post-thumbnail","6":"product_cat-carmenere","8":"first","9":"instock","10":"shipping-taxable","11":"product-type-simple"},"_links":{"self":[{"href":"https:\/\/granreproductor.cl\/index.php\/wp-json\/wp\/v2\/product\/1773","targetHints":{"allow":["GET"]}}],"collection":[{"href":"https:\/\/granreproductor.cl\/index.php\/wp-json\/wp\/v2\/product"}],"about":[{"href":"https:\/\/granreproductor.cl\/index.php\/wp-json\/wp\/v2\/types\/product"}],"replies":[{"embeddable":true,"href":"https:\/\/granreproductor.cl\/index.php\/wp-json\/wp\/v2\/comments?post=1773"}],"version-history":[{"count":3,"href":"https:\/\/granreproductor.cl\/index.php\/wp-json\/wp\/v2\/product\/1773\/revisions"}],"predecessor-version":[{"id":2522,"href":"https:\/\/granreproductor.cl\/index.php\/wp-json\/wp\/v2\/product\/1773\/revisions\/2522"}],"wp:featuredmedia":[{"embeddable":true,"href":"https:\/\/granreproductor.cl\/index.php\/wp-json\/wp\/v2\/media\/1994"}],"wp:attachment":[{"href":"https:\/\/granreproductor.cl\/index.php\/wp-json\/wp\/v2\/media?parent=1773"}],"wp:term":[{"taxonomy":"product_brand","embeddable":true,"href":"https:\/\/granreproductor.cl\/index.php\/wp-json\/wp\/v2\/product_brand?post=1773"},{"taxonomy":"product_cat","embeddable":true,"href":"https:\/\/granreproductor.cl\/index.php\/wp-json\/wp\/v2\/product_cat?post=1773"},{"taxonomy":"product_tag","embeddable":true,"href":"https:\/\/granreproductor.cl\/index.php\/wp-json\/wp\/v2\/product_tag?post=1773"}],"curies":[{"name":"wp","href":"https:\/\/api.w.org\/{rel}","templated":true}]}}