{"id":1766,"date":"2022-09-02T21:05:26","date_gmt":"2022-09-02T21:05:26","guid":{"rendered":"https:\/\/granreproductor.cl\/?post_type=product&#038;p=1766"},"modified":"2022-12-29T18:19:06","modified_gmt":"2022-12-29T18:19:06","slug":"alfil-ii","status":"publish","type":"product","link":"https:\/\/granreproductor.cl\/index.php\/producto\/alfil-ii\/","title":{"rendered":"Alfil II"},"content":{"rendered":"<p><em>Intenso color rojo rub\u00ed. En nariz descubrimos la personalidad del terroir de Cauquenes, con frutas rojas como ciruelas y blueberrys en perfecto equilibrio con su envejecimiento en roble franc\u00e9s. Con notas a caf\u00e9 y delicadas notas a vainilla. Estos Vinos llevan a su mesa la historia de los Padres de Raza de nuestro caballo chileno.<\/em><\/p>\n<p>Este gran potro de vacas naci\u00f3 en 1908, hijo del potro Angamos en madre Bandurria, criado en la zona de Aculeo, fue considerado por sus caracter\u00edsticas como el primer jefe de raza, su alzada alcanz\u00f3 los 1.43 cm, de capa Baya Clara, de gran sello racial, orejas peque\u00f1as, cuello corto, tusa ancha, de costillas arqueadas y de buenos aplomos que se contemplaban con su gran temperamento y mansedumbre, se reprodujo en la Hacienda Aculeo, dejando una descendencia de 158 cr\u00edas.<\/p>\n","protected":false},"excerpt":{"rendered":"<p>Gran Reserva<\/p>\n","protected":false},"featured_media":1997,"comment_status":"closed","ping_status":"closed","template":"","meta":[],"product_brand":[],"product_cat":[67],"product_tag":[],"class_list":{"0":"post-1766","1":"product","2":"type-product","3":"status-publish","4":"has-post-thumbnail","6":"product_cat-cabernet-sauvignon","8":"first","9":"instock","10":"shipping-taxable","11":"product-type-simple"},"_links":{"self":[{"href":"https:\/\/granreproductor.cl\/index.php\/wp-json\/wp\/v2\/product\/1766","targetHints":{"allow":["GET"]}}],"collection":[{"href":"https:\/\/granreproductor.cl\/index.php\/wp-json\/wp\/v2\/product"}],"about":[{"href":"https:\/\/granreproductor.cl\/index.php\/wp-json\/wp\/v2\/types\/product"}],"replies":[{"embeddable":true,"href":"https:\/\/granreproductor.cl\/index.php\/wp-json\/wp\/v2\/comments?post=1766"}],"version-history":[{"count":2,"href":"https:\/\/granreproductor.cl\/index.php\/wp-json\/wp\/v2\/product\/1766\/revisions"}],"predecessor-version":[{"id":2082,"href":"https:\/\/granreproductor.cl\/index.php\/wp-json\/wp\/v2\/product\/1766\/revisions\/2082"}],"wp:featuredmedia":[{"embeddable":true,"href":"https:\/\/granreproductor.cl\/index.php\/wp-json\/wp\/v2\/media\/1997"}],"wp:attachment":[{"href":"https:\/\/granreproductor.cl\/index.php\/wp-json\/wp\/v2\/media?parent=1766"}],"wp:term":[{"taxonomy":"product_brand","embeddable":true,"href":"https:\/\/granreproductor.cl\/index.php\/wp-json\/wp\/v2\/product_brand?post=1766"},{"taxonomy":"product_cat","embeddable":true,"href":"https:\/\/granreproductor.cl\/index.php\/wp-json\/wp\/v2\/product_cat?post=1766"},{"taxonomy":"product_tag","embeddable":true,"href":"https:\/\/granreproductor.cl\/index.php\/wp-json\/wp\/v2\/product_tag?post=1766"}],"curies":[{"name":"wp","href":"https:\/\/api.w.org\/{rel}","templated":true}]}}