{"id":1761,"date":"2022-09-02T20:38:04","date_gmt":"2022-09-02T20:38:04","guid":{"rendered":"https:\/\/granreproductor.cl\/?post_type=product&#038;p=1761"},"modified":"2022-11-04T20:43:38","modified_gmt":"2022-11-04T20:43:38","slug":"bayo-leon","status":"publish","type":"product","link":"https:\/\/granreproductor.cl\/index.php\/producto\/bayo-leon\/","title":{"rendered":"Bayo Le\u00f3n"},"content":{"rendered":"<p><em>Intenso color rojo rub\u00ed. En nariz descubrimos la personalidad del terroir de Cauquenes, con frutas rojas como ciruelas y blueberrys en perfecto equilibrio con su envejecimiento en roble franc\u00e9s. Con notas a caf\u00e9 y delicadas notas a vainilla. Estos Vinos llevan a su mesa la historia de los Padres de Raza de nuestro caballo chileno.<\/em><\/p>\n<p>Potro chileno, nacido en el a\u00f1o 1858, hijo del Caldeado en madre baya, de gran sello racial, su criador fue Don Ignacio Fuenzalida, en sus caracter\u00edsticas destaca un color bayo aleonado de patas atigrado, peseteado y renegrido, su AA ST liviana, de abundantes crins y orejas peque\u00f1as, es considerado un gran mejorador de la raza, dando grandes caballos para el rodeo y muri\u00f3 alos 33 a\u00f1os.<\/p>\n","protected":false},"excerpt":{"rendered":"<p>Gran Reserva<\/p>\n","protected":false},"featured_media":1999,"comment_status":"closed","ping_status":"closed","template":"","meta":[],"product_brand":[],"product_cat":[67],"product_tag":[],"class_list":{"0":"post-1761","1":"product","2":"type-product","3":"status-publish","4":"has-post-thumbnail","6":"product_cat-cabernet-sauvignon","8":"first","9":"instock","10":"shipping-taxable","11":"product-type-simple"},"_links":{"self":[{"href":"https:\/\/granreproductor.cl\/index.php\/wp-json\/wp\/v2\/product\/1761","targetHints":{"allow":["GET"]}}],"collection":[{"href":"https:\/\/granreproductor.cl\/index.php\/wp-json\/wp\/v2\/product"}],"about":[{"href":"https:\/\/granreproductor.cl\/index.php\/wp-json\/wp\/v2\/types\/product"}],"replies":[{"embeddable":true,"href":"https:\/\/granreproductor.cl\/index.php\/wp-json\/wp\/v2\/comments?post=1761"}],"version-history":[{"count":2,"href":"https:\/\/granreproductor.cl\/index.php\/wp-json\/wp\/v2\/product\/1761\/revisions"}],"predecessor-version":[{"id":2084,"href":"https:\/\/granreproductor.cl\/index.php\/wp-json\/wp\/v2\/product\/1761\/revisions\/2084"}],"wp:featuredmedia":[{"embeddable":true,"href":"https:\/\/granreproductor.cl\/index.php\/wp-json\/wp\/v2\/media\/1999"}],"wp:attachment":[{"href":"https:\/\/granreproductor.cl\/index.php\/wp-json\/wp\/v2\/media?parent=1761"}],"wp:term":[{"taxonomy":"product_brand","embeddable":true,"href":"https:\/\/granreproductor.cl\/index.php\/wp-json\/wp\/v2\/product_brand?post=1761"},{"taxonomy":"product_cat","embeddable":true,"href":"https:\/\/granreproductor.cl\/index.php\/wp-json\/wp\/v2\/product_cat?post=1761"},{"taxonomy":"product_tag","embeddable":true,"href":"https:\/\/granreproductor.cl\/index.php\/wp-json\/wp\/v2\/product_tag?post=1761"}],"curies":[{"name":"wp","href":"https:\/\/api.w.org\/{rel}","templated":true}]}}