{"id":1758,"date":"2022-09-02T20:29:45","date_gmt":"2022-09-02T20:29:45","guid":{"rendered":"https:\/\/granreproductor.cl\/?post_type=product&#038;p=1758"},"modified":"2022-12-22T20:42:56","modified_gmt":"2022-12-22T20:42:56","slug":"pichanguero-premium","status":"publish","type":"product","link":"https:\/\/granreproductor.cl\/index.php\/producto\/pichanguero-premium\/","title":{"rendered":"Pichanguero Premium"},"content":{"rendered":"<p><em>Este gran vino fue producido con uvas seleccionadas. De profundo color rojo rub\u00ed. Su elegante fruta madura unida en perfecta armon\u00eda a su crianza de roble franc\u00e9s, genera un vino complejo de taninos maduros y elegantes. Asimismo se acompa\u00f1a de la historia nuestro caballo chileno, destacando a este Gran Padre de Raza \u201cPichanguero\u201d un Campe\u00f3n de Chile y premiado<\/em><\/p>\n<p>El gran potro PICHANGUERO SNA N\u00ba 12.873, hijo del Potro \u00abContagio\u00bb y su madre \u00abPol\u00edtica\u00bb\u00a0 naci\u00f3\u00a0 un d\u00eda 20 de Octubre 1944 en el seno de la comunidad Dario Pavez, de Color Bayo Oro Opaco, de abundante mo\u00f1o y gatillo, su cabeza levemente acarmerada, sus abuelos fueron el potro Quebrado y Cosaco, destacando lineas de sangre como los potros Angamos, Alfil, Guante y la hembra Franela. Logra alcanzar la gloria con el 1er Lugar del Campeonato Nacional de Rodeo con 21 puntos en la Ciudad de San Fernando el a\u00f1o de 1951. Asimismo, obtiene el a\u00f1o 1954 el 3er Lugar en el Campeonato Nacional realizado en Los Andes, en 1957 el 2do Lugar en Curic\u00f3 y el a\u00f1o 1959 el 3er Lugar en Melipilla. Lo adquirio don Oscar Cat\u00e1n , donde el potro dej\u00f3 descendencia\u00a0 de 46 ejemplares, sin embargo, durante el proceso pol\u00edtico de los a\u00f1os 1972 y 1973, fueron rematados en ferias y gran parte de su linaje se pierde, manteni\u00e9ndose actualmente una peque\u00f1a muestra en el Criadero Lo Calvo. En Maip\u00fa se despide con un gran homenaje y muere en manos de su due\u00f1o.<\/p>\n","protected":false},"excerpt":{"rendered":"<p>Premium<\/p>\n","protected":false},"featured_media":2000,"comment_status":"closed","ping_status":"closed","template":"","meta":[],"product_brand":[],"product_cat":[67],"product_tag":[],"class_list":{"0":"post-1758","1":"product","2":"type-product","3":"status-publish","4":"has-post-thumbnail","6":"product_cat-cabernet-sauvignon","8":"first","9":"instock","10":"shipping-taxable","11":"purchasable","12":"product-type-simple"},"_links":{"self":[{"href":"https:\/\/granreproductor.cl\/index.php\/wp-json\/wp\/v2\/product\/1758","targetHints":{"allow":["GET"]}}],"collection":[{"href":"https:\/\/granreproductor.cl\/index.php\/wp-json\/wp\/v2\/product"}],"about":[{"href":"https:\/\/granreproductor.cl\/index.php\/wp-json\/wp\/v2\/types\/product"}],"replies":[{"embeddable":true,"href":"https:\/\/granreproductor.cl\/index.php\/wp-json\/wp\/v2\/comments?post=1758"}],"version-history":[{"count":3,"href":"https:\/\/granreproductor.cl\/index.php\/wp-json\/wp\/v2\/product\/1758\/revisions"}],"predecessor-version":[{"id":2085,"href":"https:\/\/granreproductor.cl\/index.php\/wp-json\/wp\/v2\/product\/1758\/revisions\/2085"}],"wp:featuredmedia":[{"embeddable":true,"href":"https:\/\/granreproductor.cl\/index.php\/wp-json\/wp\/v2\/media\/2000"}],"wp:attachment":[{"href":"https:\/\/granreproductor.cl\/index.php\/wp-json\/wp\/v2\/media?parent=1758"}],"wp:term":[{"taxonomy":"product_brand","embeddable":true,"href":"https:\/\/granreproductor.cl\/index.php\/wp-json\/wp\/v2\/product_brand?post=1758"},{"taxonomy":"product_cat","embeddable":true,"href":"https:\/\/granreproductor.cl\/index.php\/wp-json\/wp\/v2\/product_cat?post=1758"},{"taxonomy":"product_tag","embeddable":true,"href":"https:\/\/granreproductor.cl\/index.php\/wp-json\/wp\/v2\/product_tag?post=1758"}],"curies":[{"name":"wp","href":"https:\/\/api.w.org\/{rel}","templated":true}]}}