{"id":1622,"date":"2022-08-26T20:27:02","date_gmt":"2022-08-26T20:27:02","guid":{"rendered":"https:\/\/granreproductor.cl\/?page_id=1622"},"modified":"2022-12-30T15:03:30","modified_gmt":"2022-12-30T15:03:30","slug":"conociendo-a-reproductor","status":"publish","type":"page","link":"https:\/\/granreproductor.cl\/index.php\/conociendo-a-reproductor\/","title":{"rendered":"Conociendo a Reproductor"},"content":{"rendered":"\t\t<div data-elementor-type=\"wp-page\" data-elementor-id=\"1622\" class=\"elementor elementor-1622\" data-elementor-post-type=\"page\">\n\t\t\t\t\t\t<section class=\"elementor-section elementor-top-section elementor-element elementor-element-9b042b1 elementor-section-boxed elementor-section-height-default elementor-section-height-default\" data-id=\"9b042b1\" data-element_type=\"section\" data-e-type=\"section\" data-settings=\"{&quot;jet_parallax_layout_list&quot;:[]}\">\n\t\t\t\t\t\t<div class=\"elementor-container elementor-column-gap-default\">\n\t\t\t\t\t<div class=\"elementor-column elementor-col-33 elementor-top-column elementor-element elementor-element-fb9e4f1\" data-id=\"fb9e4f1\" data-element_type=\"column\" data-e-type=\"column\">\n\t\t\t<div class=\"elementor-widget-wrap elementor-element-populated\">\n\t\t\t\t\t\t<div class=\"elementor-element elementor-element-8a5873c elementor-widget elementor-widget-image\" data-id=\"8a5873c\" data-element_type=\"widget\" data-e-type=\"widget\" data-widget_type=\"image.default\">\n\t\t\t\t<div class=\"elementor-widget-container\">\n\t\t\t\t\t\t\t\t\t\t\t\t\t\t\t<img fetchpriority=\"high\" decoding=\"async\" width=\"505\" height=\"639\" src=\"https:\/\/granreproductor.cl\/wp-content\/uploads\/2022\/08\/eso.png\" class=\"attachment-large size-large wp-image-1700\" alt=\"\" srcset=\"https:\/\/granreproductor.cl\/wp-content\/uploads\/2022\/08\/eso.png 505w, https:\/\/granreproductor.cl\/wp-content\/uploads\/2022\/08\/eso-237x300.png 237w\" sizes=\"(max-width: 505px) 100vw, 505px\" \/>\t\t\t\t\t\t\t\t\t\t\t\t\t\t\t<\/div>\n\t\t\t\t<\/div>\n\t\t\t\t\t<\/div>\n\t\t<\/div>\n\t\t\t\t<div class=\"elementor-column elementor-col-33 elementor-top-column elementor-element elementor-element-c082919\" data-id=\"c082919\" data-element_type=\"column\" data-e-type=\"column\">\n\t\t\t<div class=\"elementor-widget-wrap elementor-element-populated\">\n\t\t\t\t\t\t<div class=\"elementor-element elementor-element-59a964c elementor-widget elementor-widget-heading\" data-id=\"59a964c\" data-element_type=\"widget\" data-e-type=\"widget\" data-widget_type=\"heading.default\">\n\t\t\t\t<div class=\"elementor-widget-container\">\n\t\t\t\t\t<h2 class=\"elementor-heading-title elementor-size-default\">Inicios<\/h2>\t\t\t\t<\/div>\n\t\t\t\t<\/div>\n\t\t\t\t<div class=\"elementor-element elementor-element-4d857d8 elementor-widget elementor-widget-text-editor\" data-id=\"4d857d8\" data-element_type=\"widget\" data-e-type=\"widget\" data-widget_type=\"text-editor.default\">\n\t\t\t\t<div class=\"elementor-widget-container\">\n\t\t\t\t\t\t\t\t\t<p>Vino Gran Reproductor, nace bajo la inquietud de dos personas amantes del Caballo y Vino Chileno, estos precursores sintieron la necesidad de mostrar al mundo la crianza y l\u00edneas de sangre caballar, que sostienen nuestro mundo Huaso.<\/p><p>Para ello, Don Miguel \u00c1ngel Aguilera y Don Julio Cesar Araya, se propusieron en crear una l\u00ednea de vinos de Calidad que pudiesen reflejar el vigor y nobleza de nuestro caballo, para lo cual, su nombre se acu\u00f1\u00f3 en dos posibles marcas Padrillo y Gran Reproductor, siendo este \u00faltimo un Sello que Chile no olvidar\u00e1, ya que \u201cGran Reproductor\u201d evoca el vigor, templanza, nobleza y estructura que ha mantenido a trav\u00e9s del tiempo el Potro Chileno, atributos que se encuentran en nuestros vinos Chilenos.<\/p>\t\t\t\t\t\t\t\t<\/div>\n\t\t\t\t<\/div>\n\t\t\t\t\t<\/div>\n\t\t<\/div>\n\t\t\t\t<div class=\"elementor-column elementor-col-33 elementor-top-column elementor-element elementor-element-d4bc5d0\" data-id=\"d4bc5d0\" data-element_type=\"column\" data-e-type=\"column\">\n\t\t\t<div class=\"elementor-widget-wrap\">\n\t\t\t\t\t\t\t<\/div>\n\t\t<\/div>\n\t\t\t\t\t<\/div>\n\t\t<\/section>\n\t\t\t\t<section class=\"elementor-section elementor-top-section elementor-element elementor-element-562e496 elementor-section-boxed elementor-section-height-default elementor-section-height-default\" data-id=\"562e496\" data-element_type=\"section\" data-e-type=\"section\" data-settings=\"{&quot;jet_parallax_layout_list&quot;:[]}\">\n\t\t\t\t\t\t<div class=\"elementor-container elementor-column-gap-default\">\n\t\t\t\t\t<div class=\"elementor-column elementor-col-100 elementor-top-column elementor-element elementor-element-8c9727a\" data-id=\"8c9727a\" data-element_type=\"column\" data-e-type=\"column\">\n\t\t\t<div class=\"elementor-widget-wrap elementor-element-populated\">\n\t\t\t\t\t\t<div class=\"elementor-element elementor-element-dccc54d elementor-widget elementor-widget-heading\" data-id=\"dccc54d\" data-element_type=\"widget\" data-e-type=\"widget\" data-widget_type=\"heading.default\">\n\t\t\t\t<div class=\"elementor-widget-container\">\n\t\t\t\t\t<h2 class=\"elementor-heading-title elementor-size-default\">Apoyo Cultural<\/h2>\t\t\t\t<\/div>\n\t\t\t\t<\/div>\n\t\t\t\t<section class=\"elementor-section elementor-inner-section elementor-element elementor-element-4f68f50 elementor-section-boxed elementor-section-height-default elementor-section-height-default\" data-id=\"4f68f50\" data-element_type=\"section\" data-e-type=\"section\" data-settings=\"{&quot;jet_parallax_layout_list&quot;:[]}\">\n\t\t\t\t\t\t<div class=\"elementor-container elementor-column-gap-default\">\n\t\t\t\t\t<div class=\"elementor-column elementor-col-50 elementor-inner-column elementor-element elementor-element-144858e\" data-id=\"144858e\" data-element_type=\"column\" data-e-type=\"column\">\n\t\t\t<div class=\"elementor-widget-wrap elementor-element-populated\">\n\t\t\t\t\t\t<div class=\"elementor-element elementor-element-bcbfe5c elementor-widget elementor-widget-image\" data-id=\"bcbfe5c\" data-element_type=\"widget\" data-e-type=\"widget\" data-widget_type=\"image.default\">\n\t\t\t\t<div class=\"elementor-widget-container\">\n\t\t\t\t\t\t\t\t\t\t\t\t\t\t\t<img decoding=\"async\" width=\"198\" height=\"193\" src=\"https:\/\/granreproductor.cl\/wp-content\/uploads\/2022\/11\/foto_huaso_conociendo.png\" class=\"attachment-large size-large wp-image-2353\" alt=\"\" \/>\t\t\t\t\t\t\t\t\t\t\t\t\t\t\t<\/div>\n\t\t\t\t<\/div>\n\t\t\t\t\t<\/div>\n\t\t<\/div>\n\t\t\t\t<div class=\"elementor-column elementor-col-50 elementor-inner-column elementor-element elementor-element-9267bc7\" data-id=\"9267bc7\" data-element_type=\"column\" data-e-type=\"column\">\n\t\t\t<div class=\"elementor-widget-wrap elementor-element-populated\">\n\t\t\t\t\t\t<div class=\"elementor-element elementor-element-9e12f56 elementor-widget elementor-widget-text-editor\" data-id=\"9e12f56\" data-element_type=\"widget\" data-e-type=\"widget\" data-widget_type=\"text-editor.default\">\n\t\t\t\t<div class=\"elementor-widget-container\">\n\t\t\t\t\t\t\t\t\t<p>El investigador e\u00a0 historiador del Caballo Chileno Don Arturo Montory Gajardo, fue un pilar fundamental en la elecci\u00f3n de los padrillos \u201cPotros\u201d, vientres \u201cYeguas\u201d y sobre todo la elecci\u00f3n del potro Pichanguero, Vino Premium. Es por eso que Vino Gran Reproductor reconoce su gran aporte.<\/p>\t\t\t\t\t\t\t\t<\/div>\n\t\t\t\t<\/div>\n\t\t\t\t\t<\/div>\n\t\t<\/div>\n\t\t\t\t\t<\/div>\n\t\t<\/section>\n\t\t\t\t<section class=\"elementor-section elementor-inner-section elementor-element elementor-element-b496891 elementor-section-boxed elementor-section-height-default elementor-section-height-default\" data-id=\"b496891\" data-element_type=\"section\" data-e-type=\"section\" data-settings=\"{&quot;jet_parallax_layout_list&quot;:[]}\">\n\t\t\t\t\t\t<div class=\"elementor-container elementor-column-gap-default\">\n\t\t\t\t\t<div class=\"elementor-column elementor-col-50 elementor-inner-column elementor-element elementor-element-45edf61\" data-id=\"45edf61\" data-element_type=\"column\" data-e-type=\"column\">\n\t\t\t<div class=\"elementor-widget-wrap elementor-element-populated\">\n\t\t\t\t\t\t<div class=\"elementor-element elementor-element-c0bcfc7 elementor-widget elementor-widget-image\" data-id=\"c0bcfc7\" data-element_type=\"widget\" data-e-type=\"widget\" data-widget_type=\"image.default\">\n\t\t\t\t<div class=\"elementor-widget-container\">\n\t\t\t\t\t\t\t\t\t\t\t\t\t\t\t<img decoding=\"async\" width=\"198\" height=\"193\" src=\"https:\/\/granreproductor.cl\/wp-content\/uploads\/2022\/11\/foto_pintor.png\" class=\"attachment-large size-large wp-image-2354\" alt=\"\" \/>\t\t\t\t\t\t\t\t\t\t\t\t\t\t\t<\/div>\n\t\t\t\t<\/div>\n\t\t\t\t\t<\/div>\n\t\t<\/div>\n\t\t\t\t<div class=\"elementor-column elementor-col-50 elementor-inner-column elementor-element elementor-element-f52e6fc\" data-id=\"f52e6fc\" data-element_type=\"column\" data-e-type=\"column\">\n\t\t\t<div class=\"elementor-widget-wrap elementor-element-populated\">\n\t\t\t\t\t\t<div class=\"elementor-element elementor-element-bfdd89f elementor-widget elementor-widget-text-editor\" data-id=\"bfdd89f\" data-element_type=\"widget\" data-e-type=\"widget\" data-widget_type=\"text-editor.default\">\n\t\t\t\t<div class=\"elementor-widget-container\">\n\t\t\t\t\t\t\t\t\t<p>Otro aporte a Gran Reproductor, fueron las pinturas&nbsp; realizadas por Don Juan Carlos Castro, prestigioso pintor de caballos chilenos, quien dio vida a las im\u00e1genes de la etiquetas de nuestros vinos de colecci\u00f3n, que traen a los Potros y yeguas, que Don Arturo Montory determin\u00f3 como pilares de nuestra raza caballar.<\/p>\t\t\t\t\t\t\t\t<\/div>\n\t\t\t\t<\/div>\n\t\t\t\t\t<\/div>\n\t\t<\/div>\n\t\t\t\t\t<\/div>\n\t\t<\/section>\n\t\t\t\t<div class=\"elementor-element elementor-element-0d732ab elementor-widget elementor-widget-heading\" data-id=\"0d732ab\" data-element_type=\"widget\" data-e-type=\"widget\" data-widget_type=\"heading.default\">\n\t\t\t\t<div class=\"elementor-widget-container\">\n\t\t\t\t\t<h2 class=\"elementor-heading-title elementor-size-default\">VINO Y CABALLO UNA COMBINACI\u00d3N PERFECTA.\n<\/h2>\t\t\t\t<\/div>\n\t\t\t\t<\/div>\n\t\t\t\t<div class=\"elementor-element elementor-element-169c171 elementor-widget elementor-widget-text-editor\" data-id=\"169c171\" data-element_type=\"widget\" data-e-type=\"widget\" data-widget_type=\"text-editor.default\">\n\t\t\t\t<div class=\"elementor-widget-container\">\n\t\t\t\t\t\t\t\t\t<p>El Vino llego de la mano de los Conquistadores espa\u00f1oles, al igual que nuestra raza caballar, donde la producci\u00f3n de este brebaje se mantuvo intacto en cuanto al proceso de vinificaci\u00f3n. D\u00e1ndose un gran impulso en el a\u00f1o 1.874, etapa donde Chile export\u00f3 este producto al mundo. Por eso, Gran Reproductor unific\u00f3 estos dos linajes \u201cVino y Caballo\u201d,\u00a0 logrando traer esa historia a nuestros d\u00edas, que empuja un gran cambio hacia la cultura\u00a0 y mirada a nuestro vino, traduci\u00e9ndose en un aporte que muestra la esencia de NUESTRO PA\u00cdS . \u201cViva Chile\u201d.<\/p>\t\t\t\t\t\t\t\t<\/div>\n\t\t\t\t<\/div>\n\t\t\t\t<div class=\"elementor-element elementor-element-32bf5be elementor-widget elementor-widget-heading\" data-id=\"32bf5be\" data-element_type=\"widget\" data-e-type=\"widget\" data-widget_type=\"heading.default\">\n\t\t\t\t<div class=\"elementor-widget-container\">\n\t\t\t\t\t<h2 class=\"elementor-heading-title elementor-size-default\">Reconocimientos<\/h2>\t\t\t\t<\/div>\n\t\t\t\t<\/div>\n\t\t\t\t<div class=\"elementor-element elementor-element-92c83eb elementor-widget elementor-widget-text-editor\" data-id=\"92c83eb\" data-element_type=\"widget\" data-e-type=\"widget\" data-widget_type=\"text-editor.default\">\n\t\t\t\t<div class=\"elementor-widget-container\">\n\t\t\t\t\t\t\t\t\t<p>La Federaci\u00f3n de Criadores de Caballos Chilenos, otorg\u00f3 el reconocimiento a este gran proyecto, que mezcla la pasi\u00f3n de por el caballo Chileno y el mundo del vino. En primera instancia realiz\u00f3 una peque\u00f1a entrevista para su p\u00e1gina Web. Caballo y Rodeo, donde se expone el c\u00f3mo se inici\u00f3 esta traves\u00eda del caballo chileno, destacando la selecci\u00f3n de Potros hist\u00f3ricos y Yeguas madres, considerando el aporte del Historiador Arturo Montory. Sin embargo, dicha Federaci\u00f3n no se qued\u00f3 s\u00f3lo con lo anterior, Gran Reproductor, fue invitado al 73\u00b0 Campeonato Nacional de Rodeo, donde se otorg\u00f3 el Anuario de Criadores, cuyo cuerpo contiene una entrevista m\u00e1s profunda del proyecto que revive a nuestros grandes caballos y hembras, los cuales sostienen nuestra raza caballar.<\/p>\t\t\t\t\t\t\t\t<\/div>\n\t\t\t\t<\/div>\n\t\t\t\t<div class=\"elementor-element elementor-element-d7bed1b elementor-widget elementor-widget-gallery\" data-id=\"d7bed1b\" data-element_type=\"widget\" data-e-type=\"widget\" data-settings=\"{&quot;gallery_layout&quot;:&quot;justified&quot;,&quot;ideal_row_height&quot;:{&quot;unit&quot;:&quot;px&quot;,&quot;size&quot;:170,&quot;sizes&quot;:[]},&quot;lazyload&quot;:&quot;yes&quot;,&quot;ideal_row_height_tablet&quot;:{&quot;unit&quot;:&quot;px&quot;,&quot;size&quot;:150,&quot;sizes&quot;:[]},&quot;ideal_row_height_mobile&quot;:{&quot;unit&quot;:&quot;px&quot;,&quot;size&quot;:150,&quot;sizes&quot;:[]},&quot;gap&quot;:{&quot;unit&quot;:&quot;px&quot;,&quot;size&quot;:10,&quot;sizes&quot;:[]},&quot;gap_tablet&quot;:{&quot;unit&quot;:&quot;px&quot;,&quot;size&quot;:10,&quot;sizes&quot;:[]},&quot;gap_mobile&quot;:{&quot;unit&quot;:&quot;px&quot;,&quot;size&quot;:10,&quot;sizes&quot;:[]},&quot;link_to&quot;:&quot;file&quot;,&quot;overlay_background&quot;:&quot;yes&quot;,&quot;content_hover_animation&quot;:&quot;fade-in&quot;}\" data-widget_type=\"gallery.default\">\n\t\t\t\t<div class=\"elementor-widget-container\">\n\t\t\t\t\t\t\t<div class=\"elementor-gallery__container\">\n\t\t\t\t\t\t\t<a class=\"e-gallery-item elementor-gallery-item elementor-animated-content\" href=\"https:\/\/granreproductor.cl\/wp-content\/uploads\/2022\/09\/logo_criadores.png\" data-elementor-open-lightbox=\"yes\" data-elementor-lightbox-slideshow=\"d7bed1b\" data-elementor-lightbox-title=\"logo_criadores\" data-e-action-hash=\"#elementor-action%3Aaction%3Dlightbox%26settings%3DeyJpZCI6MTgxNiwidXJsIjoiaHR0cHM6XC9cL2dyYW5yZXByb2R1Y3Rvci5jbFwvd3AtY29udGVudFwvdXBsb2Fkc1wvMjAyMlwvMDlcL2xvZ29fY3JpYWRvcmVzLnBuZyIsInNsaWRlc2hvdyI6ImQ3YmVkMWIifQ%3D%3D\">\n\t\t\t\t\t<div class=\"e-gallery-image elementor-gallery-item__image\" data-thumbnail=\"https:\/\/granreproductor.cl\/wp-content\/uploads\/2022\/09\/logo_criadores.png\" data-width=\"242\" data-height=\"245\" aria-label=\"\" role=\"img\" ><\/div>\n\t\t\t\t\t\t\t\t\t\t\t<div class=\"elementor-gallery-item__overlay\"><\/div>\n\t\t\t\t\t\t\t\t\t\t\t\t\t\t<\/a>\n\t\t\t\t\t\t\t<a class=\"e-gallery-item elementor-gallery-item elementor-animated-content\" href=\"https:\/\/granreproductor.cl\/wp-content\/uploads\/2022\/09\/reconocimiento_1.png\" data-elementor-open-lightbox=\"yes\" data-elementor-lightbox-slideshow=\"d7bed1b\" data-elementor-lightbox-title=\"reconocimiento_1\" data-e-action-hash=\"#elementor-action%3Aaction%3Dlightbox%26settings%3DeyJpZCI6MTgxNywidXJsIjoiaHR0cHM6XC9cL2dyYW5yZXByb2R1Y3Rvci5jbFwvd3AtY29udGVudFwvdXBsb2Fkc1wvMjAyMlwvMDlcL3JlY29ub2NpbWllbnRvXzEucG5nIiwic2xpZGVzaG93IjoiZDdiZWQxYiJ9\">\n\t\t\t\t\t<div class=\"e-gallery-image elementor-gallery-item__image\" data-thumbnail=\"https:\/\/granreproductor.cl\/wp-content\/uploads\/2022\/09\/reconocimiento_1.png\" data-width=\"543\" data-height=\"400\" aria-label=\"\" role=\"img\" ><\/div>\n\t\t\t\t\t\t\t\t\t\t\t<div class=\"elementor-gallery-item__overlay\"><\/div>\n\t\t\t\t\t\t\t\t\t\t\t\t\t\t<\/a>\n\t\t\t\t\t\t\t<a class=\"e-gallery-item elementor-gallery-item elementor-animated-content\" href=\"https:\/\/granreproductor.cl\/wp-content\/uploads\/2022\/09\/reconocimiento_2.png\" data-elementor-open-lightbox=\"yes\" data-elementor-lightbox-slideshow=\"d7bed1b\" data-elementor-lightbox-title=\"reconocimiento_2\" data-e-action-hash=\"#elementor-action%3Aaction%3Dlightbox%26settings%3DeyJpZCI6MTgxOCwidXJsIjoiaHR0cHM6XC9cL2dyYW5yZXByb2R1Y3Rvci5jbFwvd3AtY29udGVudFwvdXBsb2Fkc1wvMjAyMlwvMDlcL3JlY29ub2NpbWllbnRvXzIucG5nIiwic2xpZGVzaG93IjoiZDdiZWQxYiJ9\">\n\t\t\t\t\t<div class=\"e-gallery-image elementor-gallery-item__image\" data-thumbnail=\"https:\/\/granreproductor.cl\/wp-content\/uploads\/2022\/09\/reconocimiento_2.png\" data-width=\"623\" data-height=\"350\" aria-label=\"\" role=\"img\" ><\/div>\n\t\t\t\t\t\t\t\t\t\t\t<div class=\"elementor-gallery-item__overlay\"><\/div>\n\t\t\t\t\t\t\t\t\t\t\t\t\t\t<\/a>\n\t\t\t\t\t\t\t<a class=\"e-gallery-item elementor-gallery-item elementor-animated-content\" href=\"https:\/\/granreproductor.cl\/wp-content\/uploads\/2022\/09\/reconocimiento_3.png\" data-elementor-open-lightbox=\"yes\" data-elementor-lightbox-slideshow=\"d7bed1b\" data-elementor-lightbox-title=\"reconocimiento_3\" data-e-action-hash=\"#elementor-action%3Aaction%3Dlightbox%26settings%3DeyJpZCI6MTgxOSwidXJsIjoiaHR0cHM6XC9cL2dyYW5yZXByb2R1Y3Rvci5jbFwvd3AtY29udGVudFwvdXBsb2Fkc1wvMjAyMlwvMDlcL3JlY29ub2NpbWllbnRvXzMucG5nIiwic2xpZGVzaG93IjoiZDdiZWQxYiJ9\">\n\t\t\t\t\t<div class=\"e-gallery-image elementor-gallery-item__image\" data-thumbnail=\"https:\/\/granreproductor.cl\/wp-content\/uploads\/2022\/09\/reconocimiento_3.png\" data-width=\"832\" data-height=\"585\" aria-label=\"\" role=\"img\" ><\/div>\n\t\t\t\t\t\t\t\t\t\t\t<div class=\"elementor-gallery-item__overlay\"><\/div>\n\t\t\t\t\t\t\t\t\t\t\t\t\t\t<\/a>\n\t\t\t\t\t<\/div>\n\t\t\t\t\t<\/div>\n\t\t\t\t<\/div>\n\t\t\t\t<div class=\"elementor-element elementor-element-4785516 elementor-widget elementor-widget-heading\" data-id=\"4785516\" data-element_type=\"widget\" data-e-type=\"widget\" data-widget_type=\"heading.default\">\n\t\t\t\t<div class=\"elementor-widget-container\">\n\t\t\t\t\t<h2 class=\"elementor-heading-title elementor-size-xl\">CEPAS DE GRAN REPRODUCTOR<\/h2>\t\t\t\t<\/div>\n\t\t\t\t<\/div>\n\t\t\t\t<div class=\"elementor-element elementor-element-da2c254 elementor-widget elementor-widget-heading\" data-id=\"da2c254\" data-element_type=\"widget\" data-e-type=\"widget\" data-widget_type=\"heading.default\">\n\t\t\t\t<div class=\"elementor-widget-container\">\n\t\t\t\t\t<h2 class=\"elementor-heading-title elementor-size-default\">Cabernet Sauvignon<\/h2>\t\t\t\t<\/div>\n\t\t\t\t<\/div>\n\t\t\t\t<div class=\"elementor-element elementor-element-e867578 elementor-widget elementor-widget-text-editor\" data-id=\"e867578\" data-element_type=\"widget\" data-e-type=\"widget\" data-widget_type=\"text-editor.default\">\n\t\t\t\t<div class=\"elementor-widget-container\">\n\t\t\t\t\t\t\t\t\t<p>Es una variedad de uva para vino de origen de la zona de burdeos Francia, tambi\u00e9n es denominada Petit bouchet, Sauvignon rouge, Bordeaux. Nace de la Cruza de las cepas Cabernet Franc y Sauvignon Blanc.<\/p><p>Su Fruto, es peque\u00f1o, con una piel adulzada, muy oscura y profunda pruina. Es de hollejo grueso, su pulpa es coloreada en maduraci\u00f3n y de estructura dura y jugosa con un sabor herb\u00e1ceo.<\/p>\t\t\t\t\t\t\t\t<\/div>\n\t\t\t\t<\/div>\n\t\t\t\t<div class=\"elementor-element elementor-element-a3b32f0 elementor-widget elementor-widget-heading\" data-id=\"a3b32f0\" data-element_type=\"widget\" data-e-type=\"widget\" data-widget_type=\"heading.default\">\n\t\t\t\t<div class=\"elementor-widget-container\">\n\t\t\t\t\t<h2 class=\"elementor-heading-title elementor-size-default\">Carmenere<\/h2>\t\t\t\t<\/div>\n\t\t\t\t<\/div>\n\t\t\t\t<div class=\"elementor-element elementor-element-0419a08 elementor-widget elementor-widget-text-editor\" data-id=\"0419a08\" data-element_type=\"widget\" data-e-type=\"widget\" data-widget_type=\"text-editor.default\">\n\t\t\t\t<div class=\"elementor-widget-container\">\n\t\t\t\t\t\t\t\t\t<p>Este tipo de variedad, es la cepa insigne de Chile. Su producci\u00f3n es muy tard\u00eda, necesita tiempo para madurar y lograr su perfecto balance. Su origen se remonta en la regi\u00f3n de M\u00e9doc de Burdeos, Francia. Muchas veces se utiliza para suavizar otras variedades con taninos m\u00e1s marcados, posee un color rojo purpura que logra entregar aromas de frutos negros como la mora y el ar\u00e1ndano<\/p>\t\t\t\t\t\t\t\t<\/div>\n\t\t\t\t<\/div>\n\t\t\t\t<div class=\"elementor-element elementor-element-8a96284 elementor-widget elementor-widget-heading\" data-id=\"8a96284\" data-element_type=\"widget\" data-e-type=\"widget\" data-widget_type=\"heading.default\">\n\t\t\t\t<div class=\"elementor-widget-container\">\n\t\t\t\t\t<h2 class=\"elementor-heading-title elementor-size-default\">Merlot<\/h2>\t\t\t\t<\/div>\n\t\t\t\t<\/div>\n\t\t\t\t<div class=\"elementor-element elementor-element-0ff6fb6 elementor-widget elementor-widget-text-editor\" data-id=\"0ff6fb6\" data-element_type=\"widget\" data-e-type=\"widget\" data-widget_type=\"text-editor.default\">\n\t\t\t\t<div class=\"elementor-widget-container\">\n\t\t\t\t\t\t\t\t\t<p>Es una variedad\u00a0con cierta intensidad, con grado alcoh\u00f3lico elevado y con ligeros aromas afrutados y especiados. Los racimos son cil\u00edndricos, de tama\u00f1o mediano, con uvas de color azul negruzco. Procedente del sudoeste de Francia y es una cepa que tras la\u00a0Cabernet Sauvignon,\u00a0es la segunda variedad tinta m\u00e1s expandida a nivel mundial.<\/p>\t\t\t\t\t\t\t\t<\/div>\n\t\t\t\t<\/div>\n\t\t\t\t<div class=\"elementor-element elementor-element-7def4da elementor-widget elementor-widget-heading\" data-id=\"7def4da\" data-element_type=\"widget\" data-e-type=\"widget\" data-widget_type=\"heading.default\">\n\t\t\t\t<div class=\"elementor-widget-container\">\n\t\t\t\t\t<h2 class=\"elementor-heading-title elementor-size-default\">Moscatel de Alejandr\u00eda<\/h2>\t\t\t\t<\/div>\n\t\t\t\t<\/div>\n\t\t\t\t<div class=\"elementor-element elementor-element-70f052d elementor-widget elementor-widget-text-editor\" data-id=\"70f052d\" data-element_type=\"widget\" data-e-type=\"widget\" data-widget_type=\"text-editor.default\">\n\t\t\t\t<div class=\"elementor-widget-container\">\n\t\t\t\t\t\t\t\t\t<p>Est\u00e1 considerada una cepa antigua sin modificar gen\u00e9ticamente. Se origin\u00f3 en el Norte de \u00c1frica derivando su nombre por su asociaci\u00f3n con los antiguos egipcios que la usaban para hacer vino.<\/p><p>Con esta variedad se elaboran vinos blancos secos, dulces y blancos espumosos, tanto mono varietales como multivarietales..<\/p>\t\t\t\t\t\t\t\t<\/div>\n\t\t\t\t<\/div>\n\t\t\t\t\t<\/div>\n\t\t<\/div>\n\t\t\t\t\t<\/div>\n\t\t<\/section>\n\t\t\t\t<\/div>\n\t\t","protected":false},"excerpt":{"rendered":"<p>Inicios Vino Gran Reproductor, nace bajo la inquietud de dos personas amantes del Caballo y Vino Chileno, estos precursores sintieron la necesidad de mostrar al mundo la crianza y l\u00edneas de sangre caballar, que sostienen nuestro mundo Huaso. Para ello, Don Miguel \u00c1ngel Aguilera y Don Julio Cesar Araya, se propusieron en crear una l\u00ednea [&hellip;]<\/p>\n","protected":false},"author":1,"featured_media":2350,"parent":0,"menu_order":0,"comment_status":"closed","ping_status":"closed","template":"","meta":{"footnotes":""},"class_list":["post-1622","page","type-page","status-publish","has-post-thumbnail","hentry"],"_links":{"self":[{"href":"https:\/\/granreproductor.cl\/index.php\/wp-json\/wp\/v2\/pages\/1622","targetHints":{"allow":["GET"]}}],"collection":[{"href":"https:\/\/granreproductor.cl\/index.php\/wp-json\/wp\/v2\/pages"}],"about":[{"href":"https:\/\/granreproductor.cl\/index.php\/wp-json\/wp\/v2\/types\/page"}],"author":[{"embeddable":true,"href":"https:\/\/granreproductor.cl\/index.php\/wp-json\/wp\/v2\/users\/1"}],"replies":[{"embeddable":true,"href":"https:\/\/granreproductor.cl\/index.php\/wp-json\/wp\/v2\/comments?post=1622"}],"version-history":[{"count":44,"href":"https:\/\/granreproductor.cl\/index.php\/wp-json\/wp\/v2\/pages\/1622\/revisions"}],"predecessor-version":[{"id":2516,"href":"https:\/\/granreproductor.cl\/index.php\/wp-json\/wp\/v2\/pages\/1622\/revisions\/2516"}],"wp:featuredmedia":[{"embeddable":true,"href":"https:\/\/granreproductor.cl\/index.php\/wp-json\/wp\/v2\/media\/2350"}],"wp:attachment":[{"href":"https:\/\/granreproductor.cl\/index.php\/wp-json\/wp\/v2\/media?parent=1622"}],"curies":[{"name":"wp","href":"https:\/\/api.w.org\/{rel}","templated":true}]}}